{"id":613,"date":"2024-05-15T07:42:49","date_gmt":"2024-05-15T07:42:49","guid":{"rendered":"https:\/\/www.tovarnanaweby.cz\/gymnazium\/?page_id=613"},"modified":"2024-08-27T07:09:52","modified_gmt":"2024-08-27T07:09:52","slug":"kontakty","status":"publish","type":"page","link":"https:\/\/www.tovarnanaweby.cz\/gymnazium\/kontakty\/","title":{"rendered":"Kontakty"},"content":{"rendered":"\t\t<div data-elementor-type=\"wp-page\" data-elementor-id=\"613\" class=\"elementor elementor-613\" data-elementor-post-type=\"page\">\n\t\t\t\t<div class=\"elementor-element elementor-element-938a1d5 e-flex e-con-boxed e-con e-parent\" data-id=\"938a1d5\" data-element_type=\"container\" data-settings=\"{&quot;background_background&quot;:&quot;classic&quot;}\">\n\t\t\t\t\t<div class=\"e-con-inner\">\n\t\t<div class=\"elementor-element elementor-element-035887d e-con-full e-flex e-con e-child\" data-id=\"035887d\" data-element_type=\"container\">\n\t\t\t\t<div class=\"elementor-element elementor-element-acd6227 elementor-widget elementor-widget-heading\" data-id=\"acd6227\" data-element_type=\"widget\" data-widget_type=\"heading.default\">\n\t\t\t\t<div class=\"elementor-widget-container\">\n\t\t\t<h1 class=\"elementor-heading-title elementor-size-default\">Kontakty<\/h1>\t\t<\/div>\n\t\t\t\t<\/div>\n\t\t\t\t<div class=\"elementor-element elementor-element-49ce55c elementor-widget elementor-widget-heading\" data-id=\"49ce55c\" data-element_type=\"widget\" data-widget_type=\"heading.default\">\n\t\t\t\t<div class=\"elementor-widget-container\">\n\t\t\t<h1 class=\"elementor-heading-title elementor-size-default\">Na koho se obr\u00e1tit<\/h1>\t\t<\/div>\n\t\t\t\t<\/div>\n\t\t\t\t<\/div>\n\t\t<div class=\"elementor-element elementor-element-4308e1e e-con-full elementor-hidden-tablet elementor-hidden-mobile e-flex e-con e-child\" data-id=\"4308e1e\" data-element_type=\"container\">\n\t\t<div class=\"elementor-element elementor-element-fcf981f e-con-full e-flex e-con e-child\" data-id=\"fcf981f\" data-element_type=\"container\">\n\t\t\t\t<div class=\"elementor-element elementor-element-16d7fe6 elementor-widget elementor-widget-image\" data-id=\"16d7fe6\" data-element_type=\"widget\" data-widget_type=\"image.default\">\n\t\t\t\t<div class=\"elementor-widget-container\">\n\t\t\t\t\t\t\t\t\t\t\t\t\t<img fetchpriority=\"high\" decoding=\"async\" width=\"800\" height=\"533\" src=\"https:\/\/www.tovarnanaweby.cz\/gymnazium\/wp-content\/uploads\/2024\/08\/kontakt-1.jpg\" class=\"attachment-large size-large wp-image-2471\" alt=\"\" srcset=\"https:\/\/www.tovarnanaweby.cz\/gymnazium\/wp-content\/uploads\/2024\/08\/kontakt-1.jpg 800w, https:\/\/www.tovarnanaweby.cz\/gymnazium\/wp-content\/uploads\/2024\/08\/kontakt-1-300x200.jpg 300w, https:\/\/www.tovarnanaweby.cz\/gymnazium\/wp-content\/uploads\/2024\/08\/kontakt-1-768x512.jpg 768w\" sizes=\"(max-width: 800px) 100vw, 800px\" \/>\t\t\t\t\t\t\t\t\t\t\t\t\t<\/div>\n\t\t\t\t<\/div>\n\t\t\t\t<\/div>\n\t\t\t\t<\/div>\n\t\t\t\t\t<\/div>\n\t\t\t\t<\/div>\n\t\t<div class=\"elementor-element elementor-element-2bd2d4b e-flex e-con-boxed e-con e-parent\" data-id=\"2bd2d4b\" data-element_type=\"container\">\n\t\t\t\t\t<div class=\"e-con-inner\">\n\t\t\t\t<div class=\"elementor-element elementor-element-4faefbd elementor-widget elementor-widget-heading\" data-id=\"4faefbd\" data-element_type=\"widget\" data-widget_type=\"heading.default\">\n\t\t\t\t<div class=\"elementor-widget-container\">\n\t\t\t<h3 class=\"elementor-heading-title elementor-size-default\">Veden\u00ed \u0161koly<\/h3>\t\t<\/div>\n\t\t\t\t<\/div>\n\t\t<div class=\"elementor-element elementor-element-2cd66a9 e-con-full e-flex e-con e-child\" data-id=\"2cd66a9\" data-element_type=\"container\">\n\t\t<div class=\"elementor-element elementor-element-15c1fce e-con-full e-flex e-con e-child\" data-id=\"15c1fce\" data-element_type=\"container\">\n\t\t\t\t<div class=\"elementor-element elementor-element-fc1851a elementor-widget elementor-widget-heading\" data-id=\"fc1851a\" data-element_type=\"widget\" data-widget_type=\"heading.default\">\n\t\t\t\t<div class=\"elementor-widget-container\">\n\t\t\t<h3 class=\"elementor-heading-title elementor-size-default\">PhDr. Luk\u00e1\u0161 Eichenmann, Ph.D. <\/h3>\t\t<\/div>\n\t\t\t\t<\/div>\n\t\t\t\t<div class=\"elementor-element elementor-element-6458774 elementor-widget elementor-widget-text-editor\" data-id=\"6458774\" data-element_type=\"widget\" data-widget_type=\"text-editor.default\">\n\t\t\t\t<div class=\"elementor-widget-container\">\n\t\t\t\t\t\t\t\u0159editel\t\t\t\t\t\t<\/div>\n\t\t\t\t<\/div>\n\t\t\t\t<div class=\"elementor-element elementor-element-7c952dc elementor-widget elementor-widget-text-editor\" data-id=\"7c952dc\" data-element_type=\"widget\" data-widget_type=\"text-editor.default\">\n\t\t\t\t<div class=\"elementor-widget-container\">\n\t\t\t\t\t\t\t<p>reditel@gymnasiumkladno.cz<\/p>\t\t\t\t\t\t<\/div>\n\t\t\t\t<\/div>\n\t\t\t\t<\/div>\n\t\t<div class=\"elementor-element elementor-element-485f2ea e-con-full e-flex e-con e-child\" data-id=\"485f2ea\" data-element_type=\"container\">\n\t\t\t\t<div class=\"elementor-element elementor-element-25ebb6d elementor-widget elementor-widget-heading\" data-id=\"25ebb6d\" data-element_type=\"widget\" data-widget_type=\"heading.default\">\n\t\t\t\t<div class=\"elementor-widget-container\">\n\t\t\t<h3 class=\"elementor-heading-title elementor-size-default\">RNDr. Ji\u0159\u00ed Mencl<\/h3>\t\t<\/div>\n\t\t\t\t<\/div>\n\t\t\t\t<div class=\"elementor-element elementor-element-04828c4 elementor-widget elementor-widget-text-editor\" data-id=\"04828c4\" data-element_type=\"widget\" data-widget_type=\"text-editor.default\">\n\t\t\t\t<div class=\"elementor-widget-container\">\n\t\t\t\t\t\t\tstatut\u00e1rn\u00ed z\u00e1stupce \u0159editele\t\t\t\t\t\t<\/div>\n\t\t\t\t<\/div>\n\t\t\t\t<div class=\"elementor-element elementor-element-6f9d249 elementor-widget elementor-widget-text-editor\" data-id=\"6f9d249\" data-element_type=\"widget\" data-widget_type=\"text-editor.default\">\n\t\t\t\t<div class=\"elementor-widget-container\">\n\t\t\t\t\t\t\tzastupce@gymnasiumkladno.cz\t\t\t\t\t\t<\/div>\n\t\t\t\t<\/div>\n\t\t\t\t<\/div>\n\t\t<div class=\"elementor-element elementor-element-13688d3 e-con-full e-flex e-con e-child\" data-id=\"13688d3\" data-element_type=\"container\">\n\t\t\t\t<div class=\"elementor-element elementor-element-e8634cf elementor-widget elementor-widget-heading\" data-id=\"e8634cf\" data-element_type=\"widget\" data-widget_type=\"heading.default\">\n\t\t\t\t<div class=\"elementor-widget-container\">\n\t\t\t<h3 class=\"elementor-heading-title elementor-size-default\">Mgr. Martina Eichlerov\u00e1 <\/h3>\t\t<\/div>\n\t\t\t\t<\/div>\n\t\t\t\t<div class=\"elementor-element elementor-element-b496269 elementor-widget elementor-widget-text-editor\" data-id=\"b496269\" data-element_type=\"widget\" data-widget_type=\"text-editor.default\">\n\t\t\t\t<div class=\"elementor-widget-container\">\n\t\t\t\t\t\t\tz\u00e1stupkyn\u011b \u0159editele\t\t\t\t\t\t<\/div>\n\t\t\t\t<\/div>\n\t\t\t\t<div class=\"elementor-element elementor-element-e17cf97 elementor-widget elementor-widget-text-editor\" data-id=\"e17cf97\" data-element_type=\"widget\" data-widget_type=\"text-editor.default\">\n\t\t\t\t<div class=\"elementor-widget-container\">\n\t\t\t\t\t\t\t<p>martina.eichlerova@gymnasiukladno.cz<\/p>\t\t\t\t\t\t<\/div>\n\t\t\t\t<\/div>\n\t\t\t\t<\/div>\n\t\t<div class=\"elementor-element elementor-element-bb8cc9a elementor-hidden-mobile e-flex e-con-boxed e-con e-child\" data-id=\"bb8cc9a\" data-element_type=\"container\">\n\t\t\t\t\t<div class=\"e-con-inner\">\n\t\t\t\t\t<\/div>\n\t\t\t\t<\/div>\n\t\t\t\t<\/div>\n\t\t\t\t\t<\/div>\n\t\t\t\t<\/div>\n\t\t<div class=\"elementor-element elementor-element-178509e e-flex e-con-boxed e-con e-parent\" data-id=\"178509e\" data-element_type=\"container\" id=\"kancelar\">\n\t\t\t\t\t<div class=\"e-con-inner\">\n\t\t\t\t<div class=\"elementor-element elementor-element-c7e326e elementor-widget elementor-widget-heading\" data-id=\"c7e326e\" data-element_type=\"widget\" data-widget_type=\"heading.default\">\n\t\t\t\t<div class=\"elementor-widget-container\">\n\t\t\t<h3 class=\"elementor-heading-title elementor-size-default\">Kancel\u00e1\u0159 \u0161koly<\/h3>\t\t<\/div>\n\t\t\t\t<\/div>\n\t\t<div class=\"elementor-element elementor-element-4a09bbb e-con-full e-flex e-con e-child\" data-id=\"4a09bbb\" data-element_type=\"container\">\n\t\t<div class=\"elementor-element elementor-element-2a4a901 e-con-full e-flex e-con e-child\" data-id=\"2a4a901\" data-element_type=\"container\">\n\t\t\t\t<div class=\"elementor-element elementor-element-0e3c3d0 elementor-widget elementor-widget-heading\" data-id=\"0e3c3d0\" data-element_type=\"widget\" data-widget_type=\"heading.default\">\n\t\t\t\t<div class=\"elementor-widget-container\">\n\t\t\t<h3 class=\"elementor-heading-title elementor-size-default\">\u00da\u0159edn\u00ed hodiny:<\/h3>\t\t<\/div>\n\t\t\t\t<\/div>\n\t\t\t\t<div class=\"elementor-element elementor-element-17da1b3 elementor-widget elementor-widget-text-editor\" data-id=\"17da1b3\" data-element_type=\"widget\" data-widget_type=\"text-editor.default\">\n\t\t\t\t<div class=\"elementor-widget-container\">\n\t\t\t\t\t\t\t<p>Pond\u011bl\u00ed \u2013 \u010dtvrtek: <strong>7:30 \u2013 11:00<\/strong> a <strong>12:00 \u2013 14:30<\/strong><br \/><span style=\"font-size: 1rem; text-align: var(--text-align);\">P\u00e1tek: <strong>7:30 \u2013 13:00<\/strong><br \/><\/span><span style=\"font-size: 1rem; text-align: var(--text-align);\">(mimo dny st\u00e1tn\u00edch sv\u00e1tk\u016f)<\/span><\/p>\t\t\t\t\t\t<\/div>\n\t\t\t\t<\/div>\n\t\t\t\t<\/div>\n\t\t<div class=\"elementor-element elementor-element-e5de365 e-con-full e-flex e-con e-child\" data-id=\"e5de365\" data-element_type=\"container\">\n\t\t\t\t<div class=\"elementor-element elementor-element-4f9ed8e elementor-widget elementor-widget-heading\" data-id=\"4f9ed8e\" data-element_type=\"widget\" data-widget_type=\"heading.default\">\n\t\t\t\t<div class=\"elementor-widget-container\">\n\t\t\t<h3 class=\"elementor-heading-title elementor-size-default\">Lenka Urbanov\u00e1<\/h3>\t\t<\/div>\n\t\t\t\t<\/div>\n\t\t\t\t<div class=\"elementor-element elementor-element-e9c47a8 elementor-widget elementor-widget-text-editor\" data-id=\"e9c47a8\" data-element_type=\"widget\" data-widget_type=\"text-editor.default\">\n\t\t\t\t<div class=\"elementor-widget-container\">\n\t\t\t\t\t\t\t\u00fa\u010detn\u00ed \u0161koly\t\t\t\t\t\t<\/div>\n\t\t\t\t<\/div>\n\t\t\t\t<div class=\"elementor-element elementor-element-f8ecc8b elementor-widget elementor-widget-text-editor\" data-id=\"f8ecc8b\" data-element_type=\"widget\" data-widget_type=\"text-editor.default\">\n\t\t\t\t<div class=\"elementor-widget-container\">\n\t\t\t\t\t\t\t<p>lenka.urbanova@gymnasiumkladno.cz<\/p>\t\t\t\t\t\t<\/div>\n\t\t\t\t<\/div>\n\t\t\t\t<\/div>\n\t\t<div class=\"elementor-element elementor-element-7fbd375 e-con-full e-flex e-con e-child\" data-id=\"7fbd375\" data-element_type=\"container\">\n\t\t\t\t<div class=\"elementor-element elementor-element-3473f91 elementor-widget elementor-widget-heading\" data-id=\"3473f91\" data-element_type=\"widget\" data-widget_type=\"heading.default\">\n\t\t\t\t<div class=\"elementor-widget-container\">\n\t\t\t<h3 class=\"elementor-heading-title elementor-size-default\">\u0160\u00e1rka Bl\u00e1hov\u00e1 <\/h3>\t\t<\/div>\n\t\t\t\t<\/div>\n\t\t\t\t<div class=\"elementor-element elementor-element-3bd1d0e elementor-widget elementor-widget-text-editor\" data-id=\"3bd1d0e\" data-element_type=\"widget\" data-widget_type=\"text-editor.default\">\n\t\t\t\t<div class=\"elementor-widget-container\">\n\t\t\t\t\t\t\tekonomka \u0161koly\t\t\t\t\t\t<\/div>\n\t\t\t\t<\/div>\n\t\t\t\t<div class=\"elementor-element elementor-element-06438e1 elementor-widget elementor-widget-text-editor\" data-id=\"06438e1\" data-element_type=\"widget\" data-widget_type=\"text-editor.default\">\n\t\t\t\t<div class=\"elementor-widget-container\">\n\t\t\t\t\t\t\t<p>sarka.blahova@gymnasiumkladno.cz<\/p>\t\t\t\t\t\t<\/div>\n\t\t\t\t<\/div>\n\t\t\t\t<\/div>\n\t\t<div class=\"elementor-element elementor-element-b5227f4 elementor-hidden-mobile e-flex e-con-boxed e-con e-child\" data-id=\"b5227f4\" data-element_type=\"container\">\n\t\t\t\t\t<div class=\"e-con-inner\">\n\t\t\t\t\t<\/div>\n\t\t\t\t<\/div>\n\t\t\t\t<\/div>\n\t\t\t\t\t<\/div>\n\t\t\t\t<\/div>\n\t\t<div class=\"elementor-element elementor-element-a74c89c e-flex e-con-boxed e-con e-parent\" data-id=\"a74c89c\" data-element_type=\"container\">\n\t\t\t\t\t<div class=\"e-con-inner\">\n\t\t<div class=\"elementor-element elementor-element-13e4c6b e-con-full e-flex e-con e-child\" data-id=\"13e4c6b\" data-element_type=\"container\" data-settings=\"{&quot;background_background&quot;:&quot;classic&quot;}\">\n\t\t\t\t<div class=\"elementor-element elementor-element-b7d5f60 elementor-widget elementor-widget-heading\" data-id=\"b7d5f60\" data-element_type=\"widget\" data-widget_type=\"heading.default\">\n\t\t\t\t<div class=\"elementor-widget-container\">\n\t\t\t<h3 class=\"elementor-heading-title elementor-size-default\">Kontakt<\/h3>\t\t<\/div>\n\t\t\t\t<\/div>\n\t\t\t\t<div class=\"elementor-element elementor-element-7b9d9b2 elementor-widget elementor-widget-text-editor\" data-id=\"7b9d9b2\" data-element_type=\"widget\" data-widget_type=\"text-editor.default\">\n\t\t\t\t<div class=\"elementor-widget-container\">\n\t\t\t\t\t\t\t<p>Gymn\u00e1zium Kladno<br \/>n\u00e1m. E. Bene\u0161e 1573<br \/>272 01, Kladno<\/p><p>I\u010c: 61 894 435\u00a0<\/p><p>Z\u0159izovatelem \u0161koly je St\u0159edo\u010desk\u00fd kraj.<\/p>\t\t\t\t\t\t<\/div>\n\t\t\t\t<\/div>\n\t\t\t\t<\/div>\n\t\t<div class=\"elementor-element elementor-element-767afaa e-con-full e-flex e-con e-child\" data-id=\"767afaa\" data-element_type=\"container\" data-settings=\"{&quot;background_background&quot;:&quot;classic&quot;}\">\n\t\t\t\t<div class=\"elementor-element elementor-element-8cf5bd0 elementor-widget elementor-widget-text-editor\" data-id=\"8cf5bd0\" data-element_type=\"widget\" data-widget_type=\"text-editor.default\">\n\t\t\t\t<div class=\"elementor-widget-container\">\n\t\t\t\t\t\t\tskola@gymnasiumkladno.cz\t\t\t\t\t\t<\/div>\n\t\t\t\t<\/div>\n\t\t\t\t<div class=\"elementor-element elementor-element-2bfb0fc elementor-widget elementor-widget-text-editor\" data-id=\"2bfb0fc\" data-element_type=\"widget\" data-widget_type=\"text-editor.default\">\n\t\t\t\t<div class=\"elementor-widget-container\">\n\t\t\t\t\t\t\t+420 312 247 149\t\t\t\t\t\t<\/div>\n\t\t\t\t<\/div>\n\t\t\t\t<div class=\"elementor-element elementor-element-bf23866 elementor-widget elementor-widget-text-editor\" data-id=\"bf23866\" data-element_type=\"widget\" data-widget_type=\"text-editor.default\">\n\t\t\t\t<div class=\"elementor-widget-container\">\n\t\t\t\t\t\t\t<p>datov\u00e1 schr\u00e1nka: p2qxbrk<\/p>\t\t\t\t\t\t<\/div>\n\t\t\t\t<\/div>\n\t\t\t\t<\/div>\n\t\t\t\t\t<\/div>\n\t\t\t\t<\/div>\n\t\t<div class=\"elementor-element elementor-element-5d41064 e-flex e-con-boxed e-con e-parent\" data-id=\"5d41064\" data-element_type=\"container\">\n\t\t\t\t\t<div class=\"e-con-inner\">\n\t\t\t\t<div class=\"elementor-element elementor-element-dfa77c6 elementor-widget elementor-widget-heading\" data-id=\"dfa77c6\" data-element_type=\"widget\" data-widget_type=\"heading.default\">\n\t\t\t\t<div class=\"elementor-widget-container\">\n\t\t\t<h3 class=\"elementor-heading-title elementor-size-default\">\u0160koln\u00ed poradensk\u00e9 pracovi\u0161t\u011b <\/h3>\t\t<\/div>\n\t\t\t\t<\/div>\n\t\t<div class=\"elementor-element elementor-element-3155196 e-con-full e-flex e-con e-child\" data-id=\"3155196\" data-element_type=\"container\">\n\t\t<div class=\"elementor-element elementor-element-fe6eac2 e-con-full e-flex e-con e-child\" data-id=\"fe6eac2\" data-element_type=\"container\">\n\t\t\t\t<div class=\"elementor-element elementor-element-d337a23 elementor-widget elementor-widget-heading\" data-id=\"d337a23\" data-element_type=\"widget\" data-widget_type=\"heading.default\">\n\t\t\t\t<div class=\"elementor-widget-container\">\n\t\t\t<h3 class=\"elementor-heading-title elementor-size-default\">Mgr. Milada Pochmanov\u00e1 <\/h3>\t\t<\/div>\n\t\t\t\t<\/div>\n\t\t\t\t<div class=\"elementor-element elementor-element-2766821 elementor-widget elementor-widget-text-editor\" data-id=\"2766821\" data-element_type=\"widget\" data-widget_type=\"text-editor.default\">\n\t\t\t\t<div class=\"elementor-widget-container\">\n\t\t\t\t\t\t\t<p>v\u00fdchovn\u00e1 poradkyn\u011b, metodi\u010dka prevence<\/p>\t\t\t\t\t\t<\/div>\n\t\t\t\t<\/div>\n\t\t\t\t<div class=\"elementor-element elementor-element-5564634 elementor-widget elementor-widget-text-editor\" data-id=\"5564634\" data-element_type=\"widget\" data-widget_type=\"text-editor.default\">\n\t\t\t\t<div class=\"elementor-widget-container\">\n\t\t\t\t\t\t\t<p>milada.pochmanova@gymnasiumkladno.cz<\/p>\t\t\t\t\t\t<\/div>\n\t\t\t\t<\/div>\n\t\t\t\t<\/div>\n\t\t<div class=\"elementor-element elementor-element-ce08a77 e-con-full e-flex e-con e-child\" data-id=\"ce08a77\" data-element_type=\"container\">\n\t\t\t\t<div class=\"elementor-element elementor-element-fe9874c elementor-widget elementor-widget-heading\" data-id=\"fe9874c\" data-element_type=\"widget\" data-widget_type=\"heading.default\">\n\t\t\t\t<div class=\"elementor-widget-container\">\n\t\t\t<h3 class=\"elementor-heading-title elementor-size-default\">Mgr. Martina Ladov\u00e1 <\/h3>\t\t<\/div>\n\t\t\t\t<\/div>\n\t\t\t\t<div class=\"elementor-element elementor-element-3edcf61 elementor-widget elementor-widget-text-editor\" data-id=\"3edcf61\" data-element_type=\"widget\" data-widget_type=\"text-editor.default\">\n\t\t\t\t<div class=\"elementor-widget-container\">\n\t\t\t\t\t\t\t<p>\u0161koln\u00ed psycholo\u017eka<\/p>\t\t\t\t\t\t<\/div>\n\t\t\t\t<\/div>\n\t\t\t\t<div class=\"elementor-element elementor-element-dc55023 elementor-widget elementor-widget-text-editor\" data-id=\"dc55023\" data-element_type=\"widget\" data-widget_type=\"text-editor.default\">\n\t\t\t\t<div class=\"elementor-widget-container\">\n\t\t\t\t\t\t\t<p>martina.ladova@gymnasiumkladno.cz<\/p>\t\t\t\t\t\t<\/div>\n\t\t\t\t<\/div>\n\t\t\t\t<\/div>\n\t\t<div class=\"elementor-element elementor-element-0a2eedd elementor-hidden-mobile e-flex e-con-boxed e-con e-child\" data-id=\"0a2eedd\" data-element_type=\"container\">\n\t\t\t\t\t<div class=\"e-con-inner\">\n\t\t\t\t\t<\/div>\n\t\t\t\t<\/div>\n\t\t\t\t<\/div>\n\t\t\t\t\t<\/div>\n\t\t\t\t<\/div>\n\t\t\t\t<\/div>\n\t\t","protected":false},"excerpt":{"rendered":"<p>Kontakty Na koho se obr\u00e1tit Veden\u00ed \u0161koly PhDr. Luk\u00e1\u0161 Eichenmann, Ph.D. \u0159editel reditel@gymnasiumkladno.cz RNDr. Ji\u0159\u00ed Mencl statut\u00e1rn\u00ed z\u00e1stupce \u0159editelezastupce@gymnasiumkladno.cz Mgr. Martina Eichlerov\u00e1 z\u00e1stupkyn\u011b \u0159editele martina.eichlerova@gymnasiukladno.cz Kancel\u00e1\u0159 \u0161koly \u00da\u0159edn\u00ed hodiny: Pond\u011bl\u00ed \u2013 \u010dtvrtek: 7:30 \u2013 11:00 a 12:00 \u2013 14:30P\u00e1tek: 7:30 \u2013 13:00(mimo dny st\u00e1tn\u00edch sv\u00e1tk\u016f) Lenka Urbanov\u00e1 \u00fa\u010detn\u00ed \u0161koly lenka.urbanova@gymnasiumkladno.cz \u0160\u00e1rka Bl\u00e1hov\u00e1 ekonomka \u0161koly sarka.blahova@gymnasiumkladno.cz [&hellip;]<\/p>\n","protected":false},"author":1,"featured_media":0,"parent":0,"menu_order":0,"comment_status":"closed","ping_status":"closed","template":"elementor_header_footer","meta":{"footnotes":""},"class_list":["post-613","page","type-page","status-publish","hentry"],"_links":{"self":[{"href":"https:\/\/www.tovarnanaweby.cz\/gymnazium\/wp-json\/wp\/v2\/pages\/613","targetHints":{"allow":["GET"]}}],"collection":[{"href":"https:\/\/www.tovarnanaweby.cz\/gymnazium\/wp-json\/wp\/v2\/pages"}],"about":[{"href":"https:\/\/www.tovarnanaweby.cz\/gymnazium\/wp-json\/wp\/v2\/types\/page"}],"author":[{"embeddable":true,"href":"https:\/\/www.tovarnanaweby.cz\/gymnazium\/wp-json\/wp\/v2\/users\/1"}],"replies":[{"embeddable":true,"href":"https:\/\/www.tovarnanaweby.cz\/gymnazium\/wp-json\/wp\/v2\/comments?post=613"}],"version-history":[{"count":91,"href":"https:\/\/www.tovarnanaweby.cz\/gymnazium\/wp-json\/wp\/v2\/pages\/613\/revisions"}],"predecessor-version":[{"id":2579,"href":"https:\/\/www.tovarnanaweby.cz\/gymnazium\/wp-json\/wp\/v2\/pages\/613\/revisions\/2579"}],"wp:attachment":[{"href":"https:\/\/www.tovarnanaweby.cz\/gymnazium\/wp-json\/wp\/v2\/media?parent=613"}],"curies":[{"name":"wp","href":"https:\/\/api.w.org\/{rel}","templated":true}]}}