{"id":2711,"date":"2024-08-29T17:56:27","date_gmt":"2024-08-29T17:56:27","guid":{"rendered":"https:\/\/www.tovarnanaweby.cz\/gymnazium\/?page_id=2711"},"modified":"2024-08-29T20:10:36","modified_gmt":"2024-08-29T20:10:36","slug":"ewe","status":"publish","type":"page","link":"https:\/\/www.tovarnanaweby.cz\/gymnazium\/ewe\/","title":{"rendered":"Pl\u00e1n EVVO"},"content":{"rendered":"\t\t<div data-elementor-type=\"wp-page\" data-elementor-id=\"2711\" class=\"elementor elementor-2711\" data-elementor-post-type=\"page\">\n\t\t\t\t<div class=\"elementor-element elementor-element-62ec480e e-flex e-con-boxed e-con e-parent\" data-id=\"62ec480e\" data-element_type=\"container\" data-settings=\"{&quot;background_background&quot;:&quot;classic&quot;}\">\n\t\t\t\t\t<div class=\"e-con-inner\">\n\t\t<div class=\"elementor-element elementor-element-27fb3da5 e-con-full e-flex e-con e-child\" data-id=\"27fb3da5\" data-element_type=\"container\">\n\t\t\t\t<div class=\"elementor-element elementor-element-46cc5fb3 elementor-widget elementor-widget-heading\" data-id=\"46cc5fb3\" data-element_type=\"widget\" data-widget_type=\"heading.default\">\n\t\t\t\t<div class=\"elementor-widget-container\">\n\t\t\t<h1 class=\"elementor-heading-title elementor-size-default\">Pl\u00e1n EVVO<\/h1>\t\t<\/div>\n\t\t\t\t<\/div>\n\t\t\t\t<div class=\"elementor-element elementor-element-769b767d elementor-widget elementor-widget-heading\" data-id=\"769b767d\" data-element_type=\"widget\" data-widget_type=\"heading.default\">\n\t\t\t\t<div class=\"elementor-widget-container\">\n\t\t\t<h1 class=\"elementor-heading-title elementor-size-default\">Environment\u00e1ln\u00ed v\u00fdchova <\/h1>\t\t<\/div>\n\t\t\t\t<\/div>\n\t\t\t\t<\/div>\n\t\t<div class=\"elementor-element elementor-element-77cc21f4 e-con-full elementor-hidden-tablet elementor-hidden-mobile e-flex e-con e-child\" data-id=\"77cc21f4\" data-element_type=\"container\">\n\t\t\t\t<div class=\"elementor-element elementor-element-3c863e1f elementor-widget elementor-widget-image\" data-id=\"3c863e1f\" data-element_type=\"widget\" id=\"titulni\" data-widget_type=\"image.default\">\n\t\t\t\t<div class=\"elementor-widget-container\">\n\t\t\t\t\t\t\t\t\t\t\t\t\t<img fetchpriority=\"high\" decoding=\"async\" width=\"800\" height=\"533\" src=\"https:\/\/www.tovarnanaweby.cz\/gymnazium\/wp-content\/uploads\/2024\/08\/evvo.png\" class=\"attachment-large size-large wp-image-2776\" alt=\"\" srcset=\"https:\/\/www.tovarnanaweby.cz\/gymnazium\/wp-content\/uploads\/2024\/08\/evvo.png 800w, https:\/\/www.tovarnanaweby.cz\/gymnazium\/wp-content\/uploads\/2024\/08\/evvo-300x200.png 300w, https:\/\/www.tovarnanaweby.cz\/gymnazium\/wp-content\/uploads\/2024\/08\/evvo-768x512.png 768w\" sizes=\"(max-width: 800px) 100vw, 800px\" \/>\t\t\t\t\t\t\t\t\t\t\t\t\t<\/div>\n\t\t\t\t<\/div>\n\t\t\t\t<\/div>\n\t\t\t\t\t<\/div>\n\t\t\t\t<\/div>\n\t\t<div class=\"elementor-element elementor-element-9f8d3fe e-flex e-con-boxed e-con e-parent\" data-id=\"9f8d3fe\" data-element_type=\"container\">\n\t\t\t\t\t<div class=\"e-con-inner\">\n\t\t<div class=\"elementor-element elementor-element-cdb4b93 e-con-full e-flex e-con e-child\" data-id=\"cdb4b93\" data-element_type=\"container\">\n\t\t\t\t<div class=\"elementor-element elementor-element-2da77aa elementor-widget elementor-widget-text-editor\" data-id=\"2da77aa\" data-element_type=\"widget\" data-widget_type=\"text-editor.default\">\n\t\t\t\t<div class=\"elementor-widget-container\">\n\t\t\t\t\t\t\t<p>Environment\u00e1ln\u00ed v\u00fdchova, jak ji definuje z\u00e1kon \u010d. 17\/1992 Sb., m\u00e1 za c\u00edl nejen vzd\u011bl\u00e1vat, ale tak\u00e9 formovat my\u0161len\u00ed a jedn\u00e1n\u00ed jedinc\u016f sm\u011brem k harmonii s principy trvale udr\u017eiteln\u00e9ho rozvoje. Tento p\u0159\u00edstup jde daleko za pouh\u00e9 teoretick\u00e9 pozn\u00e1n\u00ed \u2013 klade d\u016fraz na v\u011bdomou odpov\u011bdnost za ochranu a zachov\u00e1n\u00ed \u017eivotn\u00edho prost\u0159ed\u00ed a p\u011bstuje hlubokou \u00factu k \u017eivotu ve v\u0161ech jeho rozmanit\u00fdch form\u00e1ch. Aby tato snaha p\u0159inesla re\u00e1ln\u00e9 a trval\u00e9 v\u00fdsledky, vznikl Dlouhodob\u00fd pl\u00e1n \u0161koly v oblasti environment\u00e1ln\u00ed v\u00fdchovy a osv\u011bty (EVVO).\u00a0<\/p>\t\t\t\t\t\t<\/div>\n\t\t\t\t<\/div>\n\t\t\t\t<div class=\"elementor-element elementor-element-f02747b elementor-icon-list--layout-traditional elementor-list-item-link-full_width elementor-widget elementor-widget-icon-list\" data-id=\"f02747b\" data-element_type=\"widget\" data-widget_type=\"icon-list.default\">\n\t\t\t\t<div class=\"elementor-widget-container\">\n\t\t\t\t\t<ul class=\"elementor-icon-list-items\">\n\t\t\t\t\t\t\t<li class=\"elementor-icon-list-item\">\n\t\t\t\t\t\t\t\t\t\t\t<a href=\"https:\/\/www.tovarnanaweby.cz\/gymnazium\/wp-content\/uploads\/2024\/08\/GK_doc_Cambridge_English.pdf\" target=\"_blank\">\n\n\t\t\t\t\t\t\t\t\t\t\t\t<span class=\"elementor-icon-list-icon\">\n\t\t\t\t\t\t\t<svg xmlns=\"http:\/\/www.w3.org\/2000\/svg\" xmlns:xlink=\"http:\/\/www.w3.org\/1999\/xlink\" id=\"Layer_5\" x=\"0px\" y=\"0px\" viewBox=\"0 0 512 512\" style=\"enable-background:new 0 0 512 512;\" xml:space=\"preserve\"><style type=\"text\/css\">\t.st0{stroke:#FFFFFF;stroke-miterlimit:10;}<\/style><path class=\"st0\" d=\"M354.7-1.1H157.3C70.5-1.1,0,69.4,0,156.1v197.5c0,86.7,70.5,157.3,157.3,157.3h197.5 c86.7,0,157.3-70.5,157.3-157.3V156.1C512,69.4,441.5-1.1,354.7-1.1z M474.5,156.1v197.5c0,32-12.5,62.1-35.1,84.7 c-22.6,22.6-52.7,35.1-84.7,35.1H157.3c-32,0-62.1-12.5-84.7-35.1s-35.1-52.7-35.1-84.7V156.1c0-32,12.5-62.1,35.1-84.7 s52.7-35.1,84.7-35.1h197.5c32,0,62.1,12.5,84.7,35.1C462.1,94.1,474.5,124.2,474.5,156.1z\"><\/path><path d=\"M367.8,212.1c-4.7-46.6-41.9-83.8-88.5-88.5c-3.3-0.3-6.6-0.5-9.9-0.5h-79.8c-25.3,0-45.8,20.6-45.8,45.8V341 c0,25.3,20.6,45.8,45.8,45.8h132.9c25.3,0,45.8-20.6,45.8-45.8V222C368.3,218.7,368.1,215.3,367.8,212.1z M177.5,168.9 c0-6.7,5.4-12.1,12.1-12.1h79.8c0.4,0,0.8,0,1.2,0v52.4c0,6.5,5.3,11.7,11.7,11.7h52.4c0,0.4,0,0.8,0,1.2V341 c0,6.7-5.4,12.1-12.1,12.1h-133c-6.7,0-12.1-5.4-12.1-12.1V168.9z\"><\/path><\/svg>\t\t\t\t\t\t<\/span>\n\t\t\t\t\t\t\t\t\t\t<span class=\"elementor-icon-list-text\"><b>PL\u00c1N EVVO<\/b><\/span>\n\t\t\t\t\t\t\t\t\t\t\t<\/a>\n\t\t\t\t\t\t\t\t\t<\/li>\n\t\t\t\t\t\t<\/ul>\n\t\t\t\t<\/div>\n\t\t\t\t<\/div>\n\t\t\t\t<\/div>\n\t\t<div class=\"elementor-element elementor-element-ebce850 e-con-full elementor-hidden-mobile e-flex e-con e-child\" data-id=\"ebce850\" data-element_type=\"container\">\n\t\t\t\t<div class=\"elementor-element elementor-element-8726d29 elementor-widget elementor-widget-text-editor\" data-id=\"8726d29\" data-element_type=\"widget\" data-widget_type=\"text-editor.default\">\n\t\t\t\t<div class=\"elementor-widget-container\">\n\t\t\t\t\t\t\t<p>Tento pl\u00e1n, pe\u010dliv\u011b zpracovan\u00fd dokument (PDF; 183 kB), stanovuje nejen vzd\u011bl\u00e1vac\u00ed a organiza\u010dn\u00ed c\u00edle, ale tak\u00e9 konkr\u00e9tn\u00ed kroky a ak\u010dn\u00ed pl\u00e1n, kter\u00e9 \u0161kolu systematicky vedou k napl\u0148ov\u00e1n\u00ed t\u011bchto c\u00edl\u016f.\u00a0<\/p><p>Tento pl\u00e1n je \u017eiv\u00fdm dokumentem, kter\u00fd reflektuje pot\u0159eby sou\u010dasn\u00e9 doby a d\u00e1v\u00e1 jasnou strukturu \u00fasil\u00ed o vytvo\u0159en\u00ed generace, kter\u00e1 si bude pln\u011b v\u011bdoma sv\u00e9 role p\u0159i ochran\u011b na\u0161\u00ed planety.<\/p>\t\t\t\t\t\t<\/div>\n\t\t\t\t<\/div>\n\t\t\t\t<\/div>\n\t\t\t\t\t<\/div>\n\t\t\t\t<\/div>\n\t\t\t\t<\/div>\n\t\t","protected":false},"excerpt":{"rendered":"<p>Pl\u00e1n EVVO Environment\u00e1ln\u00ed v\u00fdchova Environment\u00e1ln\u00ed v\u00fdchova, jak ji definuje z\u00e1kon \u010d. 17\/1992 Sb., m\u00e1 za c\u00edl nejen vzd\u011bl\u00e1vat, ale tak\u00e9 formovat my\u0161len\u00ed a jedn\u00e1n\u00ed jedinc\u016f sm\u011brem k harmonii s principy trvale udr\u017eiteln\u00e9ho rozvoje. Tento p\u0159\u00edstup jde daleko za pouh\u00e9 teoretick\u00e9 pozn\u00e1n\u00ed \u2013 klade d\u016fraz na v\u011bdomou odpov\u011bdnost za ochranu a zachov\u00e1n\u00ed \u017eivotn\u00edho prost\u0159ed\u00ed a p\u011bstuje [&hellip;]<\/p>\n","protected":false},"author":3,"featured_media":0,"parent":0,"menu_order":0,"comment_status":"closed","ping_status":"closed","template":"","meta":{"footnotes":""},"class_list":["post-2711","page","type-page","status-publish","hentry"],"_links":{"self":[{"href":"https:\/\/www.tovarnanaweby.cz\/gymnazium\/wp-json\/wp\/v2\/pages\/2711","targetHints":{"allow":["GET"]}}],"collection":[{"href":"https:\/\/www.tovarnanaweby.cz\/gymnazium\/wp-json\/wp\/v2\/pages"}],"about":[{"href":"https:\/\/www.tovarnanaweby.cz\/gymnazium\/wp-json\/wp\/v2\/types\/page"}],"author":[{"embeddable":true,"href":"https:\/\/www.tovarnanaweby.cz\/gymnazium\/wp-json\/wp\/v2\/users\/3"}],"replies":[{"embeddable":true,"href":"https:\/\/www.tovarnanaweby.cz\/gymnazium\/wp-json\/wp\/v2\/comments?post=2711"}],"version-history":[{"count":9,"href":"https:\/\/www.tovarnanaweby.cz\/gymnazium\/wp-json\/wp\/v2\/pages\/2711\/revisions"}],"predecessor-version":[{"id":3384,"href":"https:\/\/www.tovarnanaweby.cz\/gymnazium\/wp-json\/wp\/v2\/pages\/2711\/revisions\/3384"}],"wp:attachment":[{"href":"https:\/\/www.tovarnanaweby.cz\/gymnazium\/wp-json\/wp\/v2\/media?parent=2711"}],"curies":[{"name":"wp","href":"https:\/\/api.w.org\/{rel}","templated":true}]}}