{"id":2580,"date":"2024-08-28T06:59:17","date_gmt":"2024-08-28T06:59:17","guid":{"rendered":"https:\/\/www.tovarnanaweby.cz\/gymnazium\/?page_id=2580"},"modified":"2024-08-30T16:51:07","modified_gmt":"2024-08-30T16:51:07","slug":"cambridge-exams","status":"publish","type":"page","link":"https:\/\/www.tovarnanaweby.cz\/gymnazium\/cambridge-exams\/","title":{"rendered":"Cambridge exams"},"content":{"rendered":"\t\t<div data-elementor-type=\"wp-page\" data-elementor-id=\"2580\" class=\"elementor elementor-2580\" data-elementor-post-type=\"page\">\n\t\t\t\t<div class=\"elementor-element elementor-element-958144b e-flex e-con-boxed e-con e-parent\" data-id=\"958144b\" data-element_type=\"container\" data-settings=\"{&quot;background_background&quot;:&quot;classic&quot;}\">\n\t\t\t\t\t<div class=\"e-con-inner\">\n\t\t<div class=\"elementor-element elementor-element-392870a e-con-full e-flex e-con e-child\" data-id=\"392870a\" data-element_type=\"container\">\n\t\t\t\t<div class=\"elementor-element elementor-element-109fd77 elementor-widget elementor-widget-heading\" data-id=\"109fd77\" data-element_type=\"widget\" data-widget_type=\"heading.default\">\n\t\t\t\t<div class=\"elementor-widget-container\">\n\t\t\t<h1 class=\"elementor-heading-title elementor-size-default\">Cambridgesk\u00e9 zkou\u0161ky<\/h1>\t\t<\/div>\n\t\t\t\t<\/div>\n\t\t\t\t<div class=\"elementor-element elementor-element-dd7e41e elementor-widget elementor-widget-heading\" data-id=\"dd7e41e\" data-element_type=\"widget\" data-widget_type=\"heading.default\">\n\t\t\t\t<div class=\"elementor-widget-container\">\n\t\t\t<h1 class=\"elementor-heading-title elementor-size-default\">Cambridge exams\nB2 a C1 \n<\/h1>\t\t<\/div>\n\t\t\t\t<\/div>\n\t\t\t\t<\/div>\n\t\t<div class=\"elementor-element elementor-element-dda36a2 e-con-full elementor-hidden-tablet elementor-hidden-mobile e-flex e-con e-child\" data-id=\"dda36a2\" data-element_type=\"container\">\n\t\t\t\t<div class=\"elementor-element elementor-element-39fd0a7 elementor-widget elementor-widget-image\" data-id=\"39fd0a7\" data-element_type=\"widget\" id=\"titulni\" data-widget_type=\"image.default\">\n\t\t\t\t<div class=\"elementor-widget-container\">\n\t\t\t\t\t\t\t\t\t\t\t\t\t<img fetchpriority=\"high\" decoding=\"async\" width=\"800\" height=\"533\" src=\"https:\/\/www.tovarnanaweby.cz\/gymnazium\/wp-content\/uploads\/2024\/08\/B2C1_cambridge_2.jpg\" class=\"attachment-large size-large wp-image-2593\" alt=\"\" srcset=\"https:\/\/www.tovarnanaweby.cz\/gymnazium\/wp-content\/uploads\/2024\/08\/B2C1_cambridge_2.jpg 800w, https:\/\/www.tovarnanaweby.cz\/gymnazium\/wp-content\/uploads\/2024\/08\/B2C1_cambridge_2-300x200.jpg 300w, https:\/\/www.tovarnanaweby.cz\/gymnazium\/wp-content\/uploads\/2024\/08\/B2C1_cambridge_2-768x512.jpg 768w\" sizes=\"(max-width: 800px) 100vw, 800px\" \/>\t\t\t\t\t\t\t\t\t\t\t\t\t<\/div>\n\t\t\t\t<\/div>\n\t\t\t\t<\/div>\n\t\t\t\t\t<\/div>\n\t\t\t\t<\/div>\n\t\t<div class=\"elementor-element elementor-element-448f8b8 e-flex e-con-boxed e-con e-parent\" data-id=\"448f8b8\" data-element_type=\"container\">\n\t\t\t\t\t<div class=\"e-con-inner\">\n\t\t<div class=\"elementor-element elementor-element-c0538ff e-con-full e-flex e-con e-child\" data-id=\"c0538ff\" data-element_type=\"container\">\n\t\t\t\t<div class=\"elementor-element elementor-element-f365cad elementor-widget elementor-widget-text-editor\" data-id=\"f365cad\" data-element_type=\"widget\" data-widget_type=\"text-editor.default\">\n\t\t\t\t<div class=\"elementor-widget-container\">\n\t\t\t\t\t\t\t<h3>Na\u0161e \u0161kola je\u00a0p\u0159\u00edpravn\u00fdm centrem pro mezin\u00e1rodn\u011b uzn\u00e1van\u00e9 zkou\u0161ky Cambridge English Qualifications\u00a0a\u00a0z\u00e1rove\u0148\u00a0partnerskou<br \/>\u0161kolou autorizovan\u00e9ho zkou\u0161kov\u00e9ho centra AKCENT, international House Prague. <br \/><span style=\"font-size: 16px;\">(d\u00e1le jen Akcent)<\/span><\/h3>\t\t\t\t\t\t<\/div>\n\t\t\t\t<\/div>\n\t\t\t\t<div class=\"elementor-element elementor-element-d24026d elementor-widget elementor-widget-image\" data-id=\"d24026d\" data-element_type=\"widget\" data-widget_type=\"image.default\">\n\t\t\t\t<div class=\"elementor-widget-container\">\n\t\t\t\t\t\t\t\t\t\t\t\t\t<img decoding=\"async\" src=\"https:\/\/www.tovarnanaweby.cz\/gymnazium\/wp-content\/uploads\/elementor\/thumbs\/Prep-centre-logo_RGB-1-qt9ifr356cvu93sdu8djbnzbxdyk3l25b7irkt7ruo.png\" title=\"Prep centre logo_RGB\" alt=\"Prep centre logo_RGB\" loading=\"lazy\" \/>\t\t\t\t\t\t\t\t\t\t\t\t\t<\/div>\n\t\t\t\t<\/div>\n\t\t\t\t<div class=\"elementor-element elementor-element-a95f565 elementor-widget elementor-widget-text-editor\" data-id=\"a95f565\" data-element_type=\"widget\" data-widget_type=\"text-editor.default\">\n\t\t\t\t<div class=\"elementor-widget-container\">\n\t\t\t\t\t\t\t<p>U\u010ditel\u00e9 v r\u00e1mci v\u00fduky angli\u010dtiny p\u0159ipravuj\u00ed sv\u00e9 studenty na mo\u017enost slo\u017een\u00ed mezin\u00e1rodn\u00edch zkou\u0161ek z angli\u010dtiny<b> Cambridge English B2 First <\/b>(d\u0159\u00edve FCE) a <b>Cambridge English C1 Advanced <\/b>(d\u0159\u00edve CAE). \u017d\u00e1ci, kte\u0159\u00ed maj\u00ed o slo\u017een\u00ed zkou\u0161ek z\u00e1jem a r\u00e1di by se p\u0159ipravovali je\u0161t\u011b intenzivn\u011bji, mohou nav\u0161t\u011bvovat i dvoulet\u00fd p\u0159\u00edpravn\u00fd semin\u00e1\u0159 ve t\u0159et\u00edm a \u010dtvrt\u00e9m ro\u010dn\u00edku.<br \/>Od \u0161koln\u00edho roku 2018\/2019 maj\u00ed na\u0161i studenti mo\u017enost skl\u00e1dat tyto certifik\u00e1ty Cambridge English p\u0159\u00edmo na na\u0161em gymn\u00e1ziu ve spolupr\u00e1ci s autorizovan\u00fdm zkou\u0161kov\u00fdm centrem AKCENT. Z\u00e1rove\u0148 po\u0159\u00e1d\u00e1me pro na\u0161e studenty ka\u017ed\u00fdm rokem na podzim zkou\u0161ky nane\u010disto \u2013 tzv. mock testy. P\u0159i mock testech studenti zjist\u00ed, zda se bl\u00ed\u017e\u00ed \u00farovni, kterou by r\u00e1di slo\u017eili, a maj\u00ed je\u0161t\u011b n\u011bkolik m\u011bs\u00edc\u016f na zlep\u0161en\u00ed sv\u00fdch p\u0159\u00edpadn\u00fdch slabin, kter\u00e9 se \u010dasto v pr\u016fb\u011bhu mock test\u016f tak\u00e9 uk\u00e1\u017e\u00ed.<\/p>\t\t\t\t\t\t<\/div>\n\t\t\t\t<\/div>\n\t\t\t\t<\/div>\n\t\t<div class=\"elementor-element elementor-element-c7bb24d e-con-full elementor-hidden-mobile e-flex e-con e-child\" data-id=\"c7bb24d\" data-element_type=\"container\">\n\t\t\t\t<div class=\"elementor-element elementor-element-385323b elementor-widget elementor-widget-text-editor\" data-id=\"385323b\" data-element_type=\"widget\" data-widget_type=\"text-editor.default\">\n\t\t\t\t<div class=\"elementor-widget-container\">\n\t\t\t\t\t\t\t<p>Certifik\u00e1ty v obou zm\u00edn\u011bn\u00fdch \u00farovn\u00edch maj\u00ed celo\u017eivotn\u00ed platnost, ov\u0161em n\u011bkter\u00e9 univerzity u n\u00e1s i v zahrani\u010d\u00ed uzn\u00e1vaj\u00ed tyto certifik\u00e1ty jen s maxim\u00e1ln\u011b dvouletou platnost\u00ed. Proto je dobr\u00e9 d\u011blat si certifik\u00e1t co nejpozd\u011bji a vyu\u017e\u00edt tak studia k dosa\u017een\u00ed co <span style=\"font-size: 1rem; text-align: var(--text-align);\">nejvy\u0161\u0161\u00ed \u00farovn\u011b. Certifik\u00e1t s \u00farovn\u00ed B2 i C1 lze vyu\u017e\u00edt i jako <\/span><span style=\"font-size: 1rem; text-align: var(--text-align);\">n\u00e1hradu profilov\u00e9 maturitn\u00ed zkou\u0161ky z anglick\u00e9ho jazyka.<\/span><\/p><p>Spolupr\u00e1ce se zkou\u0161kov\u00fdm centrem AKCENT a zkou\u0161ka p\u0159\u00edmo u<br \/>n\u00e1s ve \u0161kole m\u00e1 pro na\u0161e studenty n\u011bkolik v\u00fdhod:<\/p><ul><li>Poplatek za zkou\u0161ky je ni\u017e\u0161\u00ed ne\u017e nap\u0159. u British Council.<\/li><li>Zkou\u0161ku m\u016f\u017eete slo\u017eit v prostor\u00e1ch \u0161koly, bez doj\u00ed\u017ed\u011bn\u00ed, v jeden den (n\u011bkter\u00e1 jin\u00e1 zkou\u0161kov\u00e1 centra zkou\u0161ku rozkl\u00e1daj\u00ed a na \u00fastn\u00ed mus\u00edte dorazit v jin\u00fd den)<\/li><li>\u00dastn\u00ed \u010d\u00e1st zkou\u0161ky studenti skl\u00e1daj\u00ed s n\u011bk\u00fdm, koho ze \u0161koly znaj\u00ed, a kdo je v p\u0159ibli\u017en\u011b stejn\u00e9m v\u011bku.<\/li><\/ul><div>\u00a0<\/div><p><span style=\"background-color: transparent; text-align: var(--text-align);\">Z\u00edsk\u00e1n\u00ed t\u011bchto jazykov\u00fdch certifik\u00e1t\u016f s celo\u017eivotn\u00ed platnost\u00ed usnad\u0148uje p\u0159\u00edstup ke studiu na vybran\u00fdch vysok\u00fdch \u0161kol\u00e1ch v \u010cesk\u00e9 republice i k \u00fa\u010dasti na mezin\u00e1rodn\u00edch projektech a studijn\u00edch st\u00e1\u017e\u00edch. Tyto certifik\u00e1ty jsou rovn\u011b\u017e vy\u017eadov\u00e1ny pro studium na vzd\u011bl\u00e1vac\u00edch instituc\u00edch v zahrani\u010d\u00ed (nejen v anglicky mluv\u00edc\u00edch zem\u00edch). V dne\u0161n\u00ed dob\u011b jsou nezbytn\u00fdm p\u0159edpokladem pro z\u00edsk\u00e1n\u00ed zaj\u00edmav\u00e9ho zam\u011bstn\u00e1n\u00ed a z\u00e1kladn\u00edm po\u017eadavkem na pracovn\u00edm trhu.<\/span><\/p><p><span style=\"font-size: 1rem; text-align: var(--text-align);\">Celkov\u00fd p\u0159ehled \u00fasp\u011b\u0161nosti na\u0161ich student\u016f ve zkou\u0161k\u00e1ch Cambridge English od \u0161koln\u00edho roku 2018\/2019 a\u017e po sou\u010dasnost naleznete v p\u0159ilo\u017een\u00e9m dokumentu.<\/span><\/p>\t\t\t\t\t\t<\/div>\n\t\t\t\t<\/div>\n\t\t\t\t<div class=\"elementor-element elementor-element-f2ffc70 elementor-icon-list--layout-traditional elementor-list-item-link-full_width elementor-widget elementor-widget-icon-list\" data-id=\"f2ffc70\" data-element_type=\"widget\" data-widget_type=\"icon-list.default\">\n\t\t\t\t<div class=\"elementor-widget-container\">\n\t\t\t\t\t<ul class=\"elementor-icon-list-items\">\n\t\t\t\t\t\t\t<li class=\"elementor-icon-list-item\">\n\t\t\t\t\t\t\t\t\t\t\t<a href=\"https:\/\/www.tovarnanaweby.cz\/gymnazium\/wp-content\/uploads\/2024\/08\/GK_doc_Cambridge_English.pdf\" target=\"_blank\">\n\n\t\t\t\t\t\t\t\t\t\t\t\t<span class=\"elementor-icon-list-icon\">\n\t\t\t\t\t\t\t<svg xmlns=\"http:\/\/www.w3.org\/2000\/svg\" xmlns:xlink=\"http:\/\/www.w3.org\/1999\/xlink\" id=\"Layer_5\" x=\"0px\" y=\"0px\" viewBox=\"0 0 512 512\" style=\"enable-background:new 0 0 512 512;\" xml:space=\"preserve\"><style type=\"text\/css\">\t.st0{stroke:#FFFFFF;stroke-miterlimit:10;}<\/style><path class=\"st0\" d=\"M354.7-1.1H157.3C70.5-1.1,0,69.4,0,156.1v197.5c0,86.7,70.5,157.3,157.3,157.3h197.5 c86.7,0,157.3-70.5,157.3-157.3V156.1C512,69.4,441.5-1.1,354.7-1.1z M474.5,156.1v197.5c0,32-12.5,62.1-35.1,84.7 c-22.6,22.6-52.7,35.1-84.7,35.1H157.3c-32,0-62.1-12.5-84.7-35.1s-35.1-52.7-35.1-84.7V156.1c0-32,12.5-62.1,35.1-84.7 s52.7-35.1,84.7-35.1h197.5c32,0,62.1,12.5,84.7,35.1C462.1,94.1,474.5,124.2,474.5,156.1z\"><\/path><path d=\"M367.8,212.1c-4.7-46.6-41.9-83.8-88.5-88.5c-3.3-0.3-6.6-0.5-9.9-0.5h-79.8c-25.3,0-45.8,20.6-45.8,45.8V341 c0,25.3,20.6,45.8,45.8,45.8h132.9c25.3,0,45.8-20.6,45.8-45.8V222C368.3,218.7,368.1,215.3,367.8,212.1z M177.5,168.9 c0-6.7,5.4-12.1,12.1-12.1h79.8c0.4,0,0.8,0,1.2,0v52.4c0,6.5,5.3,11.7,11.7,11.7h52.4c0,0.4,0,0.8,0,1.2V341 c0,6.7-5.4,12.1-12.1,12.1h-133c-6.7,0-12.1-5.4-12.1-12.1V168.9z\"><\/path><\/svg>\t\t\t\t\t\t<\/span>\n\t\t\t\t\t\t\t\t\t\t<span class=\"elementor-icon-list-text\"><b>\u00dasp\u011b\u0161nost student\u016f ve zkou\u0161k\u00e1ch Cambridge v minul\u00fdch letech<\/b><\/span>\n\t\t\t\t\t\t\t\t\t\t\t<\/a>\n\t\t\t\t\t\t\t\t\t<\/li>\n\t\t\t\t\t\t<\/ul>\n\t\t\t\t<\/div>\n\t\t\t\t<\/div>\n\t\t\t\t<\/div>\n\t\t\t\t\t<\/div>\n\t\t\t\t<\/div>\n\t\t<div class=\"elementor-element elementor-element-84747ba e-flex e-con-boxed e-con e-parent\" data-id=\"84747ba\" data-element_type=\"container\">\n\t\t\t\t\t<div class=\"e-con-inner\">\n\t\t\t\t<div class=\"elementor-element elementor-element-6185e50 elementor-widget-divider--view-line elementor-widget elementor-widget-divider\" data-id=\"6185e50\" data-element_type=\"widget\" data-widget_type=\"divider.default\">\n\t\t\t\t<div class=\"elementor-widget-container\">\n\t\t\t\t\t<div class=\"elementor-divider\">\n\t\t\t<span class=\"elementor-divider-separator\">\n\t\t\t\t\t\t<\/span>\n\t\t<\/div>\n\t\t\t\t<\/div>\n\t\t\t\t<\/div>\n\t\t\t\t\t<\/div>\n\t\t\t\t<\/div>\n\t\t<div class=\"elementor-element elementor-element-447a5e5 e-flex e-con-boxed e-con e-parent\" data-id=\"447a5e5\" data-element_type=\"container\">\n\t\t\t\t\t<div class=\"e-con-inner\">\n\t\t<div class=\"elementor-element elementor-element-3ba1fed e-con-full e-flex e-con e-child\" data-id=\"3ba1fed\" data-element_type=\"container\">\n\t\t\t\t<div class=\"elementor-element elementor-element-b4f0ea4 elementor-widget elementor-widget-image\" data-id=\"b4f0ea4\" data-element_type=\"widget\" data-widget_type=\"image.default\">\n\t\t\t\t<div class=\"elementor-widget-container\">\n\t\t\t\t\t\t\t\t\t\t\t\t\t\t<a href=\"https:\/\/www.tovarnanaweby.cz\/gymnazium\/wp-content\/uploads\/2024\/08\/CZC_Cambridge.png\" data-elementor-open-lightbox=\"yes\" data-elementor-lightbox-title=\"CZC_Cambridge\" data-e-action-hash=\"#elementor-action%3Aaction%3Dlightbox%26settings%3DeyJpZCI6MjgwNywidXJsIjoiaHR0cHM6XC9cL3d3dy50b3Zhcm5hbmF3ZWJ5LmN6XC9neW1uYXppdW1cL3dwLWNvbnRlbnRcL3VwbG9hZHNcLzIwMjRcLzA4XC9DWkNfQ2FtYnJpZGdlLnBuZyJ9\">\n\t\t\t\t\t\t\t<img decoding=\"async\" src=\"https:\/\/www.tovarnanaweby.cz\/gymnazium\/wp-content\/uploads\/elementor\/thumbs\/CZC_Cambridge-qtc8ckx7ybv3vjxwbxddrhd6e3ohbrms95iek1pilo.png\" title=\"CZC_Cambridge\" alt=\"CZC_Cambridge\" loading=\"lazy\" \/>\t\t\t\t\t\t\t\t<\/a>\n\t\t\t\t\t\t\t\t\t\t\t\t\t<\/div>\n\t\t\t\t<\/div>\n\t\t\t\t<\/div>\n\t\t<div class=\"elementor-element elementor-element-0df294e e-con-full e-flex e-con e-child\" data-id=\"0df294e\" data-element_type=\"container\">\n\t\t\t\t<div class=\"elementor-element elementor-element-56053ae elementor-widget elementor-widget-text-editor\" data-id=\"56053ae\" data-element_type=\"widget\" data-widget_type=\"text-editor.default\">\n\t\t\t\t<div class=\"elementor-widget-container\">\n\t\t\t\t\t\t\t<h3>Aktu\u00e1ln\u00ed informace k nejbli\u017e\u0161\u00edm pl\u00e1novan\u00fdm zkou\u0161k\u00e1m<\/h3><p><strong>Zkou\u0161ky nane\u010disto \u2013 tzv. mock testy<\/strong><\/p><p><b>Ve st\u0159edu 25. 9. 2024 ve 14.00<\/b> budou m\u00edt studenti na\u0161\u00ed \u0161koly mo\u017enost zkusit si zkou\u0161ky Cambridge English nane\u010disto (\u00farove\u0148 B2 nebo C1).\u00a0<\/p><ul><li>Registrace i zkou\u0161ka samotn\u00e1 prob\u011bhnou poprv\u00e9 online.<\/li><li>Ke zkou\u0161ce se m\u016f\u017eete hl\u00e1sit v term\u00ednu 9. \u2013 13. 9. odesl\u00e1n\u00edm soukrom\u00e9 zpr\u00e1vy v Teamsech pan\u00ed profesorce Mandl\u00edkov\u00e9.<\/li><li>Pot\u00e9 budete v Teamsech p\u0159id\u00e1ni do speci\u00e1ln\u00edho t\u00fdmu, kde najdete dal\u0161\u00ed informace.<\/li><li>Cena zkou\u0161ky v\u010detn\u011b \u00fastn\u00ed \u010d\u00e1sti, kter\u00e1 prob\u011bhne ji\u017e tradi\u010dn\u011b za 2-3 t\u00fddny po \u010d\u00e1sti p\u00edsemn\u00e9, je 650,- K\u010d.<\/li><\/ul><div>\u00a0<\/div><div><span dir=\"ltr\">V p\u0159\u00edpad\u011b dal\u0161\u00edch dotaz\u016f se obra\u0165te na pan\u00ed profesorku Mandl\u00edkovou, kabinet \u010d. 36.<\/span><\/div>\t\t\t\t\t\t<\/div>\n\t\t\t\t<\/div>\n\t\t\t\t<\/div>\n\t\t\t\t\t<\/div>\n\t\t\t\t<\/div>\n\t\t\t\t<\/div>\n\t\t","protected":false},"excerpt":{"rendered":"<p>Cambridgesk\u00e9 zkou\u0161ky Cambridge exams B2 a C1 Na\u0161e \u0161kola je\u00a0p\u0159\u00edpravn\u00fdm centrem pro mezin\u00e1rodn\u011b uzn\u00e1van\u00e9 zkou\u0161ky Cambridge English Qualifications\u00a0a\u00a0z\u00e1rove\u0148\u00a0partnerskou\u0161kolou autorizovan\u00e9ho zkou\u0161kov\u00e9ho centra AKCENT, international House Prague. (d\u00e1le jen Akcent) U\u010ditel\u00e9 v r\u00e1mci v\u00fduky angli\u010dtiny p\u0159ipravuj\u00ed sv\u00e9 studenty na mo\u017enost slo\u017een\u00ed mezin\u00e1rodn\u00edch zkou\u0161ek z angli\u010dtiny Cambridge English B2 First (d\u0159\u00edve FCE) a Cambridge English C1 Advanced (d\u0159\u00edve [&hellip;]<\/p>\n","protected":false},"author":3,"featured_media":0,"parent":0,"menu_order":0,"comment_status":"closed","ping_status":"closed","template":"","meta":{"footnotes":""},"class_list":["post-2580","page","type-page","status-publish","hentry"],"_links":{"self":[{"href":"https:\/\/www.tovarnanaweby.cz\/gymnazium\/wp-json\/wp\/v2\/pages\/2580","targetHints":{"allow":["GET"]}}],"collection":[{"href":"https:\/\/www.tovarnanaweby.cz\/gymnazium\/wp-json\/wp\/v2\/pages"}],"about":[{"href":"https:\/\/www.tovarnanaweby.cz\/gymnazium\/wp-json\/wp\/v2\/types\/page"}],"author":[{"embeddable":true,"href":"https:\/\/www.tovarnanaweby.cz\/gymnazium\/wp-json\/wp\/v2\/users\/3"}],"replies":[{"embeddable":true,"href":"https:\/\/www.tovarnanaweby.cz\/gymnazium\/wp-json\/wp\/v2\/comments?post=2580"}],"version-history":[{"count":42,"href":"https:\/\/www.tovarnanaweby.cz\/gymnazium\/wp-json\/wp\/v2\/pages\/2580\/revisions"}],"predecessor-version":[{"id":3377,"href":"https:\/\/www.tovarnanaweby.cz\/gymnazium\/wp-json\/wp\/v2\/pages\/2580\/revisions\/3377"}],"wp:attachment":[{"href":"https:\/\/www.tovarnanaweby.cz\/gymnazium\/wp-json\/wp\/v2\/media?parent=2580"}],"curies":[{"name":"wp","href":"https:\/\/api.w.org\/{rel}","templated":true}]}}