{"id":141,"date":"2024-05-14T17:28:56","date_gmt":"2024-05-14T17:28:56","guid":{"rendered":"https:\/\/www.tovarnanaweby.cz\/gymnazium\/?page_id=141"},"modified":"2024-07-17T20:21:19","modified_gmt":"2024-07-17T20:21:19","slug":"vse-o-prijimackach","status":"publish","type":"page","link":"https:\/\/www.tovarnanaweby.cz\/gymnazium\/vse-o-prijimackach\/","title":{"rendered":"V\u0161e o p\u0159ij\u00edma\u010dk\u00e1ch"},"content":{"rendered":"\t\t<div data-elementor-type=\"wp-page\" data-elementor-id=\"141\" class=\"elementor elementor-141\" data-elementor-post-type=\"page\">\n\t\t\t\t<div class=\"elementor-element elementor-element-a03867f e-flex e-con-boxed e-con e-parent\" data-id=\"a03867f\" data-element_type=\"container\" data-settings=\"{&quot;background_background&quot;:&quot;classic&quot;}\">\n\t\t\t\t\t<div class=\"e-con-inner\">\n\t\t<div class=\"elementor-element elementor-element-e7b2e50 e-con-full e-flex e-con e-child\" data-id=\"e7b2e50\" data-element_type=\"container\">\n\t\t\t\t<div class=\"elementor-element elementor-element-63dc144 elementor-widget elementor-widget-heading\" data-id=\"63dc144\" data-element_type=\"widget\" data-widget_type=\"heading.default\">\n\t\t\t\t<div class=\"elementor-widget-container\">\n\t\t\t<h1 class=\"elementor-heading-title elementor-size-default\">V\u0161e o p\u0159ij\u00edma\u010dk\u00e1ch<\/h1>\t\t<\/div>\n\t\t\t\t<\/div>\n\t\t\t\t<div class=\"elementor-element elementor-element-3fa5d37 elementor-widget elementor-widget-heading\" data-id=\"3fa5d37\" data-element_type=\"widget\" data-widget_type=\"heading.default\">\n\t\t\t\t<div class=\"elementor-widget-container\">\n\t\t\t<h1 class=\"elementor-heading-title elementor-size-default\">Krok za krokem p\u0159ij\u00edmac\u00edm \u0159\u00edzen\u00edm<\/h1>\t\t<\/div>\n\t\t\t\t<\/div>\n\t\t\t\t<div class=\"elementor-element elementor-element-c132053 elementor-widget elementor-widget-heading\" data-id=\"c132053\" data-element_type=\"widget\" data-widget_type=\"heading.default\">\n\t\t\t\t<div class=\"elementor-widget-container\">\n\t\t\t<span class=\"elementor-heading-title elementor-size-default\">Lorem ipsum dolor sit amet, consectetuer adipiscing elit. Morbi imperdiet, mauris ac auctor dictum. <\/span>\t\t<\/div>\n\t\t\t\t<\/div>\n\t\t\t\t<\/div>\n\t\t<div class=\"elementor-element elementor-element-f676681 e-con-full elementor-hidden-tablet elementor-hidden-mobile e-flex e-con e-child\" data-id=\"f676681\" data-element_type=\"container\">\n\t\t\t\t<\/div>\n\t\t\t\t\t<\/div>\n\t\t\t\t<\/div>\n\t\t<div class=\"elementor-element elementor-element-226a4fa e-flex e-con-boxed e-con e-parent\" data-id=\"226a4fa\" data-element_type=\"container\" data-settings=\"{&quot;background_background&quot;:&quot;classic&quot;}\">\n\t\t\t\t\t<div class=\"e-con-inner\">\n\t\t<div class=\"elementor-element elementor-element-4bc53b2 e-con-full e-flex e-con e-child\" data-id=\"4bc53b2\" data-element_type=\"container\" data-settings=\"{&quot;background_background&quot;:&quot;classic&quot;}\">\n\t\t<div class=\"elementor-element elementor-element-7381147 e-flex e-con-boxed e-con e-child\" data-id=\"7381147\" data-element_type=\"container\">\n\t\t\t\t\t<div class=\"e-con-inner\">\n\t\t\t\t<div class=\"elementor-element elementor-element-d180817 elementor-widget elementor-widget-heading\" data-id=\"d180817\" data-element_type=\"widget\" data-widget_type=\"heading.default\">\n\t\t\t\t<div class=\"elementor-widget-container\">\n\t\t\t<h3 class=\"elementor-heading-title elementor-size-default\">Nejd\u016fle\u017eit\u011bj\u0161\u00ed term\u00edny<\/h3>\t\t<\/div>\n\t\t\t\t<\/div>\n\t\t\t\t\t<\/div>\n\t\t\t\t<\/div>\n\t\t<div class=\"elementor-element elementor-element-f933dcd e-flex e-con-boxed e-con e-child\" data-id=\"f933dcd\" data-element_type=\"container\">\n\t\t\t\t\t<div class=\"e-con-inner\">\n\t\t\t\t<div class=\"elementor-element elementor-element-d6c60bd elementor-icon-list--layout-traditional elementor-list-item-link-full_width elementor-widget elementor-widget-icon-list\" data-id=\"d6c60bd\" data-element_type=\"widget\" data-widget_type=\"icon-list.default\">\n\t\t\t\t<div class=\"elementor-widget-container\">\n\t\t\t\t\t<ul class=\"elementor-icon-list-items\">\n\t\t\t\t\t\t\t<li class=\"elementor-icon-list-item\">\n\t\t\t\t\t\t\t\t\t\t<span class=\"elementor-icon-list-text\">XX. X. 2024 | Den otev\u0159en\u00fdch dve\u0159\u00ed<\/span>\n\t\t\t\t\t\t\t\t\t<\/li>\n\t\t\t\t\t\t\t\t<li class=\"elementor-icon-list-item\">\n\t\t\t\t\t\t\t\t\t\t<span class=\"elementor-icon-list-text\">XX. X. 2024 | Odevzd\u00e1n\u00ed p\u0159ihl\u00e1\u0161ek<\/span>\n\t\t\t\t\t\t\t\t\t<\/li>\n\t\t\t\t\t\t\t\t<li class=\"elementor-icon-list-item\">\n\t\t\t\t\t\t\t\t\t\t<span class=\"elementor-icon-list-text\">XX. X. 2024 | 1. kolo p\u0159ij\u00edmac\u00edch zkou\u0161ek<\/span>\n\t\t\t\t\t\t\t\t\t<\/li>\n\t\t\t\t\t\t\t\t<li class=\"elementor-icon-list-item\">\n\t\t\t\t\t\t\t\t\t\t<span class=\"elementor-icon-list-text\">XX. X. 2024 | N\u00e1hradn\u00ed term\u00edn p\u0159ij\u00edmac\u00edch zkou\u0161ek<\/span>\n\t\t\t\t\t\t\t\t\t<\/li>\n\t\t\t\t\t\t<\/ul>\n\t\t\t\t<\/div>\n\t\t\t\t<\/div>\n\t\t\t\t\t<\/div>\n\t\t\t\t<\/div>\n\t\t\t\t<\/div>\n\t\t\t\t\t<\/div>\n\t\t\t\t<\/div>\n\t\t<div class=\"elementor-element elementor-element-6c7c929 e-flex e-con-boxed e-con e-parent\" data-id=\"6c7c929\" data-element_type=\"container\">\n\t\t\t\t\t<div class=\"e-con-inner\">\n\t\t<div class=\"elementor-element elementor-element-69d3bb4 e-con-full e-flex e-con e-child\" data-id=\"69d3bb4\" data-element_type=\"container\">\n\t\t\t\t<div class=\"elementor-element elementor-element-82bb310 elementor-widget elementor-widget-heading\" data-id=\"82bb310\" data-element_type=\"widget\" data-widget_type=\"heading.default\">\n\t\t\t\t<div class=\"elementor-widget-container\">\n\t\t\t<h3 class=\"elementor-heading-title elementor-size-default\">P\u0159\u00edpravn\u00e9 kurzy<\/h3>\t\t<\/div>\n\t\t\t\t<\/div>\n\t\t\t\t<\/div>\n\t\t<div class=\"elementor-element elementor-element-1bcf2fe e-con-full e-flex e-con e-child\" data-id=\"1bcf2fe\" data-element_type=\"container\">\n\t\t\t\t<div class=\"elementor-element elementor-element-2d6c296 elementor-widget elementor-widget-text-editor\" data-id=\"2d6c296\" data-element_type=\"widget\" data-widget_type=\"text-editor.default\">\n\t\t\t\t<div class=\"elementor-widget-container\">\n\t\t\t\t\t\t\t<p>Lorem ipsum dolor sit amet, consectetuer adipiscing elit. Morbi imperdiet, mauris ac auctor dictum, nisl ligula egestas nulla, et sollicitudin sem purus in lacus. Mauris metus. Maecenas libero. Duis ante orci, molestie vitae vehicula venenatis, tincidunt ac pede. Cum sociis natoque penatibus et magnis dis parturient montes, nascetur ridiculus mus. Mauris dictum facilisis augue. In sem justo, commodo ut, suscipit at, pharetra vitae, orci. Nunc tincidunt ante vitae massa. Sed elit dui, pellentesque a, faucibus vel, interdum nec, diam. Etiam bibendum elit eget erat.<\/p><p>Pellentesque arcu. Sed ac dolor sit amet purus malesuada congue. Phasellus et lorem id felis nonummy placerat. Curabitur sagittis hendrerit ante. Aliquam ornare wisi eu metus. Integer vulputate sem a nibh rutrum consequat. Itaque earum rerum hic tenetur a sapiente delectus, ut aut reiciendis voluptatibus maiores alias consequatur aut perferendis doloribus asperiores repellat. Et harum quidem rerum facilis est et expedita distinctio. Etiam ligula pede, sagittis quis, interdum ultricies, scelerisque eu.<\/p>\t\t\t\t\t\t<\/div>\n\t\t\t\t<\/div>\n\t\t\t\t<div class=\"elementor-element elementor-element-183bc8f elementor-widget-divider--view-line elementor-widget elementor-widget-divider\" data-id=\"183bc8f\" data-element_type=\"widget\" data-widget_type=\"divider.default\">\n\t\t\t\t<div class=\"elementor-widget-container\">\n\t\t\t\t\t<div class=\"elementor-divider\">\n\t\t\t<span class=\"elementor-divider-separator\">\n\t\t\t\t\t\t<\/span>\n\t\t<\/div>\n\t\t\t\t<\/div>\n\t\t\t\t<\/div>\n\t\t\t\t<\/div>\n\t\t\t\t\t<\/div>\n\t\t\t\t<\/div>\n\t\t<div class=\"elementor-element elementor-element-cd00062 e-flex e-con-boxed e-con e-parent\" data-id=\"cd00062\" data-element_type=\"container\">\n\t\t\t\t\t<div class=\"e-con-inner\">\n\t\t<div class=\"elementor-element elementor-element-0055ca1 e-con-full e-flex e-con e-child\" data-id=\"0055ca1\" data-element_type=\"container\">\n\t\t\t\t<div class=\"elementor-element elementor-element-581d9d2 elementor-widget elementor-widget-heading\" data-id=\"581d9d2\" data-element_type=\"widget\" data-widget_type=\"heading.default\">\n\t\t\t\t<div class=\"elementor-widget-container\">\n\t\t\t<h3 class=\"elementor-heading-title elementor-size-default\">P\u0159ihl\u00e1\u0161ka krok za&nbsp;krokem<\/h3>\t\t<\/div>\n\t\t\t\t<\/div>\n\t\t\t\t<\/div>\n\t\t<div class=\"elementor-element elementor-element-87c2cdb e-con-full e-flex e-con e-child\" data-id=\"87c2cdb\" data-element_type=\"container\">\n\t\t\t\t<div class=\"elementor-element elementor-element-169c651 elementor-widget elementor-widget-heading\" data-id=\"169c651\" data-element_type=\"widget\" data-widget_type=\"heading.default\">\n\t\t\t\t<div class=\"elementor-widget-container\">\n\t\t\t<h3 class=\"elementor-heading-title elementor-size-default\">Jak\u00e9 doklady pot\u0159ebuju<\/h3>\t\t<\/div>\n\t\t\t\t<\/div>\n\t\t\t\t<div class=\"elementor-element elementor-element-51ff711 elementor-widget elementor-widget-text-editor\" data-id=\"51ff711\" data-element_type=\"widget\" data-widget_type=\"text-editor.default\">\n\t\t\t\t<div class=\"elementor-widget-container\">\n\t\t\t\t\t\t\tLorem ipsum dolor sit amet, consectetuer adipiscing elit. Morbi imperdiet, mauris ac auctor dictum, nisl ligula egestas nulla, et sollicitudin sem purus in lacus.\t\t\t\t\t\t<\/div>\n\t\t\t\t<\/div>\n\t\t\t\t<div class=\"elementor-element elementor-element-d0055e7 elementor-widget elementor-widget-heading\" data-id=\"d0055e7\" data-element_type=\"widget\" data-widget_type=\"heading.default\">\n\t\t\t\t<div class=\"elementor-widget-container\">\n\t\t\t<h3 class=\"elementor-heading-title elementor-size-default\">Jak vypln\u00edm p\u0159ihl\u00e1\u0161ku<\/h3>\t\t<\/div>\n\t\t\t\t<\/div>\n\t\t\t\t<div class=\"elementor-element elementor-element-fa515f5 elementor-widget elementor-widget-text-editor\" data-id=\"fa515f5\" data-element_type=\"widget\" data-widget_type=\"text-editor.default\">\n\t\t\t\t<div class=\"elementor-widget-container\">\n\t\t\t\t\t\t\tMaecenas libero. Duis ante orci, molestie vitae vehicula venenatis, tincidunt ac pede. Cum sociis natoque penatibus et magnis dis parturient montes, nascetur ridiculus mus. Mauris dictum facilisis augue. In sem justo, commodo ut, suscipit at, pharetra vitae, orci.\t\t\t\t\t\t<\/div>\n\t\t\t\t<\/div>\n\t\t\t\t<div class=\"elementor-element elementor-element-9331a2e elementor-widget elementor-widget-heading\" data-id=\"9331a2e\" data-element_type=\"widget\" data-widget_type=\"heading.default\">\n\t\t\t\t<div class=\"elementor-widget-container\">\n\t\t\t<h3 class=\"elementor-heading-title elementor-size-default\">Kam a dokdy p\u0159ihl\u00e1\u0161ku po\u0161lu<\/h3>\t\t<\/div>\n\t\t\t\t<\/div>\n\t\t\t\t<div class=\"elementor-element elementor-element-3b308a7 elementor-widget elementor-widget-text-editor\" data-id=\"3b308a7\" data-element_type=\"widget\" data-widget_type=\"text-editor.default\">\n\t\t\t\t<div class=\"elementor-widget-container\">\n\t\t\t\t\t\t\t<p>Mauris dictum facilisis augue. Excepteur sint occaecat cupidatat non proident, sunt in culpa qui officia deserunt mollit anim id est laborum. Curabitur bibendum justo non orci. Aenean fermentum risus id tortor. Aliquam erat volutpat. Duis viverra diam non justo. Quisque tincidunt scelerisque libero.\u00a0 Pellentesque pretium lectus id turpis. Morbi scelerisque luctus velit. Nulla turpis magna, cursus sit amet, suscipit a, interdum id, felis.<\/p>\t\t\t\t\t\t<\/div>\n\t\t\t\t<\/div>\n\t\t\t\t<div class=\"elementor-element elementor-element-55d2ab0 elementor-widget-divider--view-line elementor-widget elementor-widget-divider\" data-id=\"55d2ab0\" data-element_type=\"widget\" data-widget_type=\"divider.default\">\n\t\t\t\t<div class=\"elementor-widget-container\">\n\t\t\t\t\t<div class=\"elementor-divider\">\n\t\t\t<span class=\"elementor-divider-separator\">\n\t\t\t\t\t\t<\/span>\n\t\t<\/div>\n\t\t\t\t<\/div>\n\t\t\t\t<\/div>\n\t\t\t\t<\/div>\n\t\t\t\t\t<\/div>\n\t\t\t\t<\/div>\n\t\t<div class=\"elementor-element elementor-element-9dc49fe e-flex e-con-boxed e-con e-parent\" data-id=\"9dc49fe\" data-element_type=\"container\">\n\t\t\t\t\t<div class=\"e-con-inner\">\n\t\t<div class=\"elementor-element elementor-element-e93b224 e-con-full e-flex e-con e-child\" data-id=\"e93b224\" data-element_type=\"container\">\n\t\t\t\t<div class=\"elementor-element elementor-element-2d9320b elementor-widget elementor-widget-heading\" data-id=\"2d9320b\" data-element_type=\"widget\" data-widget_type=\"heading.default\">\n\t\t\t\t<div class=\"elementor-widget-container\">\n\t\t\t<h3 class=\"elementor-heading-title elementor-size-default\">\u00dasp\u011b\u0161nost u p\u0159ij\u00edma\u010dek<\/h3>\t\t<\/div>\n\t\t\t\t<\/div>\n\t\t\t\t<\/div>\n\t\t<div class=\"elementor-element elementor-element-cb548c1 e-con-full e-flex e-con e-child\" data-id=\"cb548c1\" data-element_type=\"container\">\n\t\t\t\t<div class=\"elementor-element elementor-element-ae63ba9 elementor-widget elementor-widget-heading\" data-id=\"ae63ba9\" data-element_type=\"widget\" data-widget_type=\"heading.default\">\n\t\t\t\t<div class=\"elementor-widget-container\">\n\t\t\t<h3 class=\"elementor-heading-title elementor-size-default\">2022<\/h3>\t\t<\/div>\n\t\t\t\t<\/div>\n\t\t\t\t<div class=\"elementor-element elementor-element-ea6f751 elementor-widget elementor-widget-text-editor\" data-id=\"ea6f751\" data-element_type=\"widget\" data-widget_type=\"text-editor.default\">\n\t\t\t\t<div class=\"elementor-widget-container\">\n\t\t\t\t\t\t\tLorem ipsum dolor sit amet, consectetuer adipiscing elit. Morbi imperdiet, mauris ac auctor dictum, nisl ligula egestas nulla, et sollicitudin sem purus in lacus.\t\t\t\t\t\t<\/div>\n\t\t\t\t<\/div>\n\t\t\t\t<div class=\"elementor-element elementor-element-d42a4fa elementor-widget elementor-widget-heading\" data-id=\"d42a4fa\" data-element_type=\"widget\" data-widget_type=\"heading.default\">\n\t\t\t\t<div class=\"elementor-widget-container\">\n\t\t\t<h3 class=\"elementor-heading-title elementor-size-default\">2021<\/h3>\t\t<\/div>\n\t\t\t\t<\/div>\n\t\t\t\t<div class=\"elementor-element elementor-element-7af2722 elementor-widget elementor-widget-text-editor\" data-id=\"7af2722\" data-element_type=\"widget\" data-widget_type=\"text-editor.default\">\n\t\t\t\t<div class=\"elementor-widget-container\">\n\t\t\t\t\t\t\tMaecenas libero. Duis ante orci, molestie vitae vehicula venenatis, tincidunt ac pede. Cum sociis natoque penatibus et magnis dis parturient montes, nascetur ridiculus mus. Mauris dictum facilisis augue. In sem justo, commodo ut, suscipit at, pharetra vitae, orci.\t\t\t\t\t\t<\/div>\n\t\t\t\t<\/div>\n\t\t\t\t<div class=\"elementor-element elementor-element-e729ce9 elementor-widget elementor-widget-heading\" data-id=\"e729ce9\" data-element_type=\"widget\" data-widget_type=\"heading.default\">\n\t\t\t\t<div class=\"elementor-widget-container\">\n\t\t\t<h3 class=\"elementor-heading-title elementor-size-default\">2020<\/h3>\t\t<\/div>\n\t\t\t\t<\/div>\n\t\t\t\t<div class=\"elementor-element elementor-element-c7e7f4b elementor-widget elementor-widget-text-editor\" data-id=\"c7e7f4b\" data-element_type=\"widget\" data-widget_type=\"text-editor.default\">\n\t\t\t\t<div class=\"elementor-widget-container\">\n\t\t\t\t\t\t\t<p>Mauris dictum facilisis augue. Excepteur sint occaecat cupidatat non proident, sunt in culpa qui officia deserunt mollit anim id est laborum. Curabitur bibendum justo non orci. Aenean fermentum risus id tortor. Aliquam erat volutpat. Duis viverra diam non justo. Quisque tincidunt scelerisque libero.\u00a0 Pellentesque pretium lectus id turpis. Morbi scelerisque luctus velit. Nulla turpis magna, cursus sit amet, suscipit a, interdum id, felis.<\/p>\t\t\t\t\t\t<\/div>\n\t\t\t\t<\/div>\n\t\t\t\t<div class=\"elementor-element elementor-element-252eea0 elementor-widget-divider--view-line elementor-widget elementor-widget-divider\" data-id=\"252eea0\" data-element_type=\"widget\" data-widget_type=\"divider.default\">\n\t\t\t\t<div class=\"elementor-widget-container\">\n\t\t\t\t\t<div class=\"elementor-divider\">\n\t\t\t<span class=\"elementor-divider-separator\">\n\t\t\t\t\t\t<\/span>\n\t\t<\/div>\n\t\t\t\t<\/div>\n\t\t\t\t<\/div>\n\t\t\t\t<\/div>\n\t\t\t\t\t<\/div>\n\t\t\t\t<\/div>\n\t\t<div class=\"elementor-element elementor-element-8d352e3 e-flex e-con-boxed e-con e-parent\" data-id=\"8d352e3\" data-element_type=\"container\">\n\t\t\t\t\t<div class=\"e-con-inner\">\n\t\t<div class=\"elementor-element elementor-element-ef559ba e-con-full e-flex e-con e-child\" data-id=\"ef559ba\" data-element_type=\"container\">\n\t\t\t\t<div class=\"elementor-element elementor-element-aa52b59 elementor-widget elementor-widget-heading\" data-id=\"aa52b59\" data-element_type=\"widget\" data-widget_type=\"heading.default\">\n\t\t\t\t<div class=\"elementor-widget-container\">\n\t\t\t<h3 class=\"elementor-heading-title elementor-size-default\">\u010cast\u00e9 ot\u00e1zky<\/h3>\t\t<\/div>\n\t\t\t\t<\/div>\n\t\t\t\t<\/div>\n\t\t<div class=\"elementor-element elementor-element-a7fae7c e-con-full e-flex e-con e-child\" data-id=\"a7fae7c\" data-element_type=\"container\">\n\t\t\t\t<div class=\"elementor-element elementor-element-003df81 elementor-widget elementor-widget-heading\" data-id=\"003df81\" data-element_type=\"widget\" data-widget_type=\"heading.default\">\n\t\t\t\t<div class=\"elementor-widget-container\">\n\t\t\t<h3 class=\"elementor-heading-title elementor-size-default\">Ot\u00e1zka 1<\/h3>\t\t<\/div>\n\t\t\t\t<\/div>\n\t\t\t\t<div class=\"elementor-element elementor-element-6542fb8 elementor-widget elementor-widget-text-editor\" data-id=\"6542fb8\" data-element_type=\"widget\" data-widget_type=\"text-editor.default\">\n\t\t\t\t<div class=\"elementor-widget-container\">\n\t\t\t\t\t\t\tLorem ipsum dolor sit amet, consectetuer adipiscing elit. Morbi imperdiet, mauris ac auctor dictum, nisl ligula egestas nulla, et sollicitudin sem purus in lacus.\t\t\t\t\t\t<\/div>\n\t\t\t\t<\/div>\n\t\t\t\t<div class=\"elementor-element elementor-element-d9d07b7 elementor-widget elementor-widget-heading\" data-id=\"d9d07b7\" data-element_type=\"widget\" data-widget_type=\"heading.default\">\n\t\t\t\t<div class=\"elementor-widget-container\">\n\t\t\t<h3 class=\"elementor-heading-title elementor-size-default\">Ot\u00e1zka 2<\/h3>\t\t<\/div>\n\t\t\t\t<\/div>\n\t\t\t\t<div class=\"elementor-element elementor-element-df96ccc elementor-widget elementor-widget-text-editor\" data-id=\"df96ccc\" data-element_type=\"widget\" data-widget_type=\"text-editor.default\">\n\t\t\t\t<div class=\"elementor-widget-container\">\n\t\t\t\t\t\t\tMaecenas libero. Duis ante orci, molestie vitae vehicula venenatis, tincidunt ac pede. Cum sociis natoque penatibus et magnis dis parturient montes, nascetur ridiculus mus. Mauris dictum facilisis augue. In sem justo, commodo ut, suscipit at, pharetra vitae, orci.\t\t\t\t\t\t<\/div>\n\t\t\t\t<\/div>\n\t\t\t\t<div class=\"elementor-element elementor-element-e0805fc elementor-widget elementor-widget-heading\" data-id=\"e0805fc\" data-element_type=\"widget\" data-widget_type=\"heading.default\">\n\t\t\t\t<div class=\"elementor-widget-container\">\n\t\t\t<h3 class=\"elementor-heading-title elementor-size-default\">Ot\u00e1zka 3<\/h3>\t\t<\/div>\n\t\t\t\t<\/div>\n\t\t\t\t<div class=\"elementor-element elementor-element-1259905 elementor-widget elementor-widget-text-editor\" data-id=\"1259905\" data-element_type=\"widget\" data-widget_type=\"text-editor.default\">\n\t\t\t\t<div class=\"elementor-widget-container\">\n\t\t\t\t\t\t\t<p>Mauris dictum facilisis augue. Excepteur sint occaecat cupidatat non proident, sunt in culpa qui officia deserunt mollit anim id est laborum. Curabitur bibendum justo non orci. Aenean fermentum risus id tortor. Aliquam erat volutpat. Duis viverra diam non justo. Quisque tincidunt scelerisque libero.\u00a0 Pellentesque pretium lectus id turpis. Morbi scelerisque luctus velit. Nulla turpis magna, cursus sit amet, suscipit a, interdum id, felis.<\/p>\t\t\t\t\t\t<\/div>\n\t\t\t\t<\/div>\n\t\t\t\t<\/div>\n\t\t\t\t\t<\/div>\n\t\t\t\t<\/div>\n\t\t<div class=\"elementor-element elementor-element-ae2d156 e-flex e-con-boxed e-con e-parent\" data-id=\"ae2d156\" data-element_type=\"container\">\n\t\t\t\t\t<div class=\"e-con-inner\">\n\t\t\t\t<div class=\"elementor-element elementor-element-e82fabe elementor-widget elementor-widget-heading\" data-id=\"e82fabe\" data-element_type=\"widget\" data-widget_type=\"heading.default\">\n\t\t\t\t<div class=\"elementor-widget-container\">\n\t\t\t<h3 class=\"elementor-heading-title elementor-size-default\">Kam d\u00e1l?<\/h3>\t\t<\/div>\n\t\t\t\t<\/div>\n\t\t\t\t<div class=\"elementor-element elementor-element-d88d328 elementor-position-left elementor-vertical-align-middle elementor-view-default elementor-mobile-position-top elementor-widget elementor-widget-icon-box\" data-id=\"d88d328\" data-element_type=\"widget\" data-widget_type=\"icon-box.default\">\n\t\t\t\t<div class=\"elementor-widget-container\">\n\t\t\t\t\t<div class=\"elementor-icon-box-wrapper\">\n\n\t\t\t\t\t\t<div class=\"elementor-icon-box-icon\">\n\t\t\t\t<a href=\"#\" class=\"elementor-icon elementor-animation-\" tabindex=\"-1\">\n\t\t\t\t<svg xmlns=\"http:\/\/www.w3.org\/2000\/svg\" xmlns:xlink=\"http:\/\/www.w3.org\/1999\/xlink\" id=\"Vrstva_1\" x=\"0px\" y=\"0px\" viewBox=\"0 0 998.6 250.7\" style=\"enable-background:new 0 0 998.6 250.7;\" xml:space=\"preserve\"><path d=\"M995.5,116.4c-0.3-0.4-0.6-0.7-1-1.1l0,0c0,0,0,0,0,0L883.3,4.1c-5.5-5.5-14.4-5.5-20,0l0,0c-5.5,5.5-5.5,14.4,0,20 l87.9,87.9H14.1C6.3,112,0,118.3,0,126.1v0c0,7.8,6.3,14.1,14.1,14.1h935.5l-86.3,86.3c-5.5,5.5-5.5,14.4,0,20l0,0 c5.5,5.5,14.4,5.5,20,0l111.2-111.2c0,0,0,0,0,0l0,0C999.7,130.1,1000,122,995.5,116.4z\"><\/path><\/svg>\t\t\t\t<\/a>\n\t\t\t<\/div>\n\t\t\t\n\t\t\t\t\t\t<div class=\"elementor-icon-box-content\">\n\n\t\t\t\t\t\t\t\t\t<h3 class=\"elementor-icon-box-title\">\n\t\t\t\t\t\t<a href=\"#\" >\n\t\t\t\t\t\t\tPodat p\u0159ihl\u00e1\u0161ku\t\t\t\t\t\t<\/a>\n\t\t\t\t\t<\/h3>\n\t\t\t\t\n\t\t\t\t\n\t\t\t<\/div>\n\t\t\t\n\t\t<\/div>\n\t\t\t\t<\/div>\n\t\t\t\t<\/div>\n\t\t\t\t\t<\/div>\n\t\t\t\t<\/div>\n\t\t\t\t<\/div>\n\t\t","protected":false},"excerpt":{"rendered":"<p>V\u0161e o p\u0159ij\u00edma\u010dk\u00e1ch Krok za krokem p\u0159ij\u00edmac\u00edm \u0159\u00edzen\u00edm Lorem ipsum dolor sit amet, consectetuer adipiscing elit. Morbi imperdiet, mauris ac auctor dictum. Nejd\u016fle\u017eit\u011bj\u0161\u00ed term\u00edny XX. X. 2024 | Den otev\u0159en\u00fdch dve\u0159\u00ed XX. X. 2024 | Odevzd\u00e1n\u00ed p\u0159ihl\u00e1\u0161ek XX. X. 2024 | 1. kolo p\u0159ij\u00edmac\u00edch zkou\u0161ek XX. X. 2024 | N\u00e1hradn\u00ed term\u00edn p\u0159ij\u00edmac\u00edch zkou\u0161ek P\u0159\u00edpravn\u00e9 kurzy [&hellip;]<\/p>\n","protected":false},"author":1,"featured_media":0,"parent":0,"menu_order":0,"comment_status":"closed","ping_status":"closed","template":"elementor_header_footer","meta":{"footnotes":""},"class_list":["post-141","page","type-page","status-publish","hentry"],"_links":{"self":[{"href":"https:\/\/www.tovarnanaweby.cz\/gymnazium\/wp-json\/wp\/v2\/pages\/141","targetHints":{"allow":["GET"]}}],"collection":[{"href":"https:\/\/www.tovarnanaweby.cz\/gymnazium\/wp-json\/wp\/v2\/pages"}],"about":[{"href":"https:\/\/www.tovarnanaweby.cz\/gymnazium\/wp-json\/wp\/v2\/types\/page"}],"author":[{"embeddable":true,"href":"https:\/\/www.tovarnanaweby.cz\/gymnazium\/wp-json\/wp\/v2\/users\/1"}],"replies":[{"embeddable":true,"href":"https:\/\/www.tovarnanaweby.cz\/gymnazium\/wp-json\/wp\/v2\/comments?post=141"}],"version-history":[{"count":34,"href":"https:\/\/www.tovarnanaweby.cz\/gymnazium\/wp-json\/wp\/v2\/pages\/141\/revisions"}],"predecessor-version":[{"id":1703,"href":"https:\/\/www.tovarnanaweby.cz\/gymnazium\/wp-json\/wp\/v2\/pages\/141\/revisions\/1703"}],"wp:attachment":[{"href":"https:\/\/www.tovarnanaweby.cz\/gymnazium\/wp-json\/wp\/v2\/media?parent=141"}],"curies":[{"name":"wp","href":"https:\/\/api.w.org\/{rel}","templated":true}]}}